{"id":2552,"date":"2026-04-03T18:59:59","date_gmt":"2026-04-03T17:59:59","guid":{"rendered":"https:\/\/projectique.e-polytechnique.ma\/?page_id=2552"},"modified":"2026-04-03T23:05:47","modified_gmt":"2026-04-03T22:05:47","slug":"programme","status":"publish","type":"page","link":"https:\/\/projectique.e-polytechnique.ma\/index.php\/programme\/","title":{"rendered":"Programme"},"content":{"rendered":"\t\t<div data-elementor-type=\"wp-page\" data-elementor-id=\"2552\" class=\"elementor elementor-2552\">\n\t\t\t\t\t\t\t\t\t<section class=\"elementor-section elementor-top-section elementor-element elementor-element-d128b03 elementor-section-full_width elementor-section-height-default elementor-section-height-default\" data-id=\"d128b03\" data-element_type=\"section\">\n\t\t\t\t\t\t<div class=\"elementor-container elementor-column-gap-no\">\n\t\t\t\t\t<div class=\"elementor-column elementor-col-100 elementor-top-column elementor-element elementor-element-01b1ecb\" data-id=\"01b1ecb\" data-element_type=\"column\">\n\t\t\t<div class=\"elementor-widget-wrap elementor-element-populated\">\n\t\t\t\t\t\t\t\t<div class=\"elementor-element elementor-element-5d9f4a8 elementor-widget elementor-widget-html\" data-id=\"5d9f4a8\" data-element_type=\"widget\" data-widget_type=\"html.default\">\n\t\t\t\t<div class=\"elementor-widget-container\">\n\t\t\t<iframe src=\"\/programme.html\" \n        style=\"width:100%; height:1000px; border:none; overflow:auto;\">\n<\/iframe>\t\t<\/div>\n\t\t\t\t<\/div>\n\t\t\t\t\t<\/div>\n\t\t<\/div>\n\t\t\t\t\t\t\t<\/div>\n\t\t<\/section>\n\t\t\t\t\t\t\t<\/div>\n\t\t","protected":false},"excerpt":{"rendered":"","protected":false},"author":6,"featured_media":0,"parent":0,"menu_order":0,"comment_status":"closed","ping_status":"closed","template":"elementor_theme","meta":{"footnotes":""},"class_list":["post-2552","page","type-page","status-publish","hentry","entry"],"acf":[],"yoast_head":"<!-- This site is optimized with the Yoast SEO plugin v21.6 - https:\/\/yoast.com\/wordpress\/plugins\/seo\/ -->\n<title>Programme Symposium Projectique 2025 - Conf\u00e9rences et Ateliers<\/title>\n<meta name=\"description\" content=\"D\u00e9couvrez le programme complet du Symposium Projectique 2025 : conf\u00e9rences, ateliers et tables rondes sur l&#039;innovation et la recherche en management de projet.\" \/>\n<meta name=\"robots\" content=\"index, follow, max-snippet:-1, max-image-preview:large, max-video-preview:-1\" \/>\n<link rel=\"canonical\" href=\"https:\/\/projectique.e-polytechnique.ma\/index.php\/programme\/\" \/>\n<meta property=\"og:locale\" content=\"fr_FR\" \/>\n<meta property=\"og:type\" content=\"article\" \/>\n<meta property=\"og:title\" content=\"Programme Symposium Projectique 2025 - Conf\u00e9rences et Ateliers\" \/>\n<meta property=\"og:description\" content=\"D\u00e9couvrez le programme complet du Symposium Projectique 2025 : conf\u00e9rences, ateliers et tables rondes sur l&#039;innovation et la recherche en management de projet.\" \/>\n<meta property=\"og:url\" content=\"https:\/\/projectique.e-polytechnique.ma\/index.php\/programme\/\" \/>\n<meta property=\"og:site_name\" content=\"Projectics\" \/>\n<meta property=\"article:publisher\" content=\"https:\/\/www.facebook.com\/ecolepolytechniquedagadir\/\" \/>\n<meta property=\"article:modified_time\" content=\"2026-04-03T22:05:47+00:00\" \/>\n<meta name=\"twitter:card\" content=\"summary_large_image\" \/>\n<meta name=\"twitter:site\" content=\"@AgadirEcole\" \/>\n<meta name=\"twitter:label1\" content=\"Dur\u00e9e de lecture estim\u00e9e\" \/>\n\t<meta name=\"twitter:data1\" content=\"1 minute\" \/>\n<script type=\"application\/ld+json\" class=\"yoast-schema-graph\">{\"@context\":\"https:\/\/schema.org\",\"@graph\":[{\"@type\":\"WebPage\",\"@id\":\"https:\/\/projectique.e-polytechnique.ma\/index.php\/programme\/\",\"url\":\"https:\/\/projectique.e-polytechnique.ma\/index.php\/programme\/\",\"name\":\"Programme Symposium Projectique 2025 - Conf\u00e9rences et Ateliers\",\"isPartOf\":{\"@id\":\"http:\/\/projectique.e-polytechnique.ma\/#website\"},\"datePublished\":\"2026-04-03T17:59:59+00:00\",\"dateModified\":\"2026-04-03T22:05:47+00:00\",\"description\":\"D\u00e9couvrez le programme complet du Symposium Projectique 2025 : conf\u00e9rences, ateliers et tables rondes sur l'innovation et la recherche en management de projet.\",\"breadcrumb\":{\"@id\":\"https:\/\/projectique.e-polytechnique.ma\/index.php\/programme\/#breadcrumb\"},\"inLanguage\":\"fr-FR\",\"potentialAction\":[{\"@type\":\"ReadAction\",\"target\":[\"https:\/\/projectique.e-polytechnique.ma\/index.php\/programme\/\"]}]},{\"@type\":\"BreadcrumbList\",\"@id\":\"https:\/\/projectique.e-polytechnique.ma\/index.php\/programme\/#breadcrumb\",\"itemListElement\":[{\"@type\":\"ListItem\",\"position\":1,\"name\":\"Accueil\",\"item\":\"http:\/\/projectique.e-polytechnique.ma\/\"},{\"@type\":\"ListItem\",\"position\":2,\"name\":\"Programme\"}]},{\"@type\":\"WebSite\",\"@id\":\"http:\/\/projectique.e-polytechnique.ma\/#website\",\"url\":\"http:\/\/projectique.e-polytechnique.ma\/\",\"name\":\"Projectics\",\"description\":\"\",\"publisher\":{\"@id\":\"http:\/\/projectique.e-polytechnique.ma\/#organization\"},\"potentialAction\":[{\"@type\":\"SearchAction\",\"target\":{\"@type\":\"EntryPoint\",\"urlTemplate\":\"http:\/\/projectique.e-polytechnique.ma\/?s={search_term_string}\"},\"query-input\":\"required name=search_term_string\"}],\"inLanguage\":\"fr-FR\"},{\"@type\":\"Organization\",\"@id\":\"http:\/\/projectique.e-polytechnique.ma\/#organization\",\"name\":\"Projectics\",\"url\":\"http:\/\/projectique.e-polytechnique.ma\/\",\"logo\":{\"@type\":\"ImageObject\",\"inLanguage\":\"fr-FR\",\"@id\":\"http:\/\/projectique.e-polytechnique.ma\/#\/schema\/logo\/image\/\",\"url\":\"https:\/\/projectique.e-polytechnique.ma\/wp-content\/uploads\/2026\/01\/cropped-logo-projectics-2026.png\",\"contentUrl\":\"https:\/\/projectique.e-polytechnique.ma\/wp-content\/uploads\/2026\/01\/cropped-logo-projectics-2026.png\",\"width\":1024,\"height\":146,\"caption\":\"Projectics\"},\"image\":{\"@id\":\"http:\/\/projectique.e-polytechnique.ma\/#\/schema\/logo\/image\/\"},\"sameAs\":[\"https:\/\/www.facebook.com\/ecolepolytechniquedagadir\/\",\"https:\/\/twitter.com\/AgadirEcole\",\"https:\/\/www.instagram.com\/polytechagadir\/\",\"https:\/\/ma.linkedin.com\/school\/polytechnique-agadir\/\"]}]}<\/script>\n<!-- \/ Yoast SEO plugin. -->","yoast_head_json":{"title":"Programme Symposium Projectique 2025 - Conf\u00e9rences et Ateliers","description":"D\u00e9couvrez le programme complet du Symposium Projectique 2025 : conf\u00e9rences, ateliers et tables rondes sur l'innovation et la recherche en management de projet.","robots":{"index":"index","follow":"follow","max-snippet":"max-snippet:-1","max-image-preview":"max-image-preview:large","max-video-preview":"max-video-preview:-1"},"canonical":"https:\/\/projectique.e-polytechnique.ma\/index.php\/programme\/","og_locale":"fr_FR","og_type":"article","og_title":"Programme Symposium Projectique 2025 - Conf\u00e9rences et Ateliers","og_description":"D\u00e9couvrez le programme complet du Symposium Projectique 2025 : conf\u00e9rences, ateliers et tables rondes sur l'innovation et la recherche en management de projet.","og_url":"https:\/\/projectique.e-polytechnique.ma\/index.php\/programme\/","og_site_name":"Projectics","article_publisher":"https:\/\/www.facebook.com\/ecolepolytechniquedagadir\/","article_modified_time":"2026-04-03T22:05:47+00:00","twitter_card":"summary_large_image","twitter_site":"@AgadirEcole","twitter_misc":{"Dur\u00e9e de lecture estim\u00e9e":"1 minute"},"schema":{"@context":"https:\/\/schema.org","@graph":[{"@type":"WebPage","@id":"https:\/\/projectique.e-polytechnique.ma\/index.php\/programme\/","url":"https:\/\/projectique.e-polytechnique.ma\/index.php\/programme\/","name":"Programme Symposium Projectique 2025 - Conf\u00e9rences et Ateliers","isPartOf":{"@id":"http:\/\/projectique.e-polytechnique.ma\/#website"},"datePublished":"2026-04-03T17:59:59+00:00","dateModified":"2026-04-03T22:05:47+00:00","description":"D\u00e9couvrez le programme complet du Symposium Projectique 2025 : conf\u00e9rences, ateliers et tables rondes sur l'innovation et la recherche en management de projet.","breadcrumb":{"@id":"https:\/\/projectique.e-polytechnique.ma\/index.php\/programme\/#breadcrumb"},"inLanguage":"fr-FR","potentialAction":[{"@type":"ReadAction","target":["https:\/\/projectique.e-polytechnique.ma\/index.php\/programme\/"]}]},{"@type":"BreadcrumbList","@id":"https:\/\/projectique.e-polytechnique.ma\/index.php\/programme\/#breadcrumb","itemListElement":[{"@type":"ListItem","position":1,"name":"Accueil","item":"http:\/\/projectique.e-polytechnique.ma\/"},{"@type":"ListItem","position":2,"name":"Programme"}]},{"@type":"WebSite","@id":"http:\/\/projectique.e-polytechnique.ma\/#website","url":"http:\/\/projectique.e-polytechnique.ma\/","name":"Projectics","description":"","publisher":{"@id":"http:\/\/projectique.e-polytechnique.ma\/#organization"},"potentialAction":[{"@type":"SearchAction","target":{"@type":"EntryPoint","urlTemplate":"http:\/\/projectique.e-polytechnique.ma\/?s={search_term_string}"},"query-input":"required name=search_term_string"}],"inLanguage":"fr-FR"},{"@type":"Organization","@id":"http:\/\/projectique.e-polytechnique.ma\/#organization","name":"Projectics","url":"http:\/\/projectique.e-polytechnique.ma\/","logo":{"@type":"ImageObject","inLanguage":"fr-FR","@id":"http:\/\/projectique.e-polytechnique.ma\/#\/schema\/logo\/image\/","url":"https:\/\/projectique.e-polytechnique.ma\/wp-content\/uploads\/2026\/01\/cropped-logo-projectics-2026.png","contentUrl":"https:\/\/projectique.e-polytechnique.ma\/wp-content\/uploads\/2026\/01\/cropped-logo-projectics-2026.png","width":1024,"height":146,"caption":"Projectics"},"image":{"@id":"http:\/\/projectique.e-polytechnique.ma\/#\/schema\/logo\/image\/"},"sameAs":["https:\/\/www.facebook.com\/ecolepolytechniquedagadir\/","https:\/\/twitter.com\/AgadirEcole","https:\/\/www.instagram.com\/polytechagadir\/","https:\/\/ma.linkedin.com\/school\/polytechnique-agadir\/"]}]}},"_links":{"self":[{"href":"https:\/\/projectique.e-polytechnique.ma\/index.php\/wp-json\/wp\/v2\/pages\/2552","targetHints":{"allow":["GET"]}}],"collection":[{"href":"https:\/\/projectique.e-polytechnique.ma\/index.php\/wp-json\/wp\/v2\/pages"}],"about":[{"href":"https:\/\/projectique.e-polytechnique.ma\/index.php\/wp-json\/wp\/v2\/types\/page"}],"author":[{"embeddable":true,"href":"https:\/\/projectique.e-polytechnique.ma\/index.php\/wp-json\/wp\/v2\/users\/6"}],"replies":[{"embeddable":true,"href":"https:\/\/projectique.e-polytechnique.ma\/index.php\/wp-json\/wp\/v2\/comments?post=2552"}],"version-history":[{"count":34,"href":"https:\/\/projectique.e-polytechnique.ma\/index.php\/wp-json\/wp\/v2\/pages\/2552\/revisions"}],"predecessor-version":[{"id":2641,"href":"https:\/\/projectique.e-polytechnique.ma\/index.php\/wp-json\/wp\/v2\/pages\/2552\/revisions\/2641"}],"wp:attachment":[{"href":"https:\/\/projectique.e-polytechnique.ma\/index.php\/wp-json\/wp\/v2\/media?parent=2552"}],"curies":[{"name":"wp","href":"https:\/\/api.w.org\/{rel}","templated":true}]}}